{"id":15,"date":"2020-01-24T17:17:01","date_gmt":"2020-01-24T16:17:01","guid":{"rendered":"https:\/\/www.tube-porno-mature.com\/femme\/?page_id=15"},"modified":"2020-01-24T18:30:07","modified_gmt":"2020-01-24T17:30:07","slug":"accueil","status":"publish","type":"page","link":"https:\/\/www.tube-porno-mature.com\/femme\/","title":{"rendered":"Accueil"},"content":{"rendered":"<p>[et_pb_section fb_built=\u00a0\u00bb1&Prime; _builder_version=\u00a0\u00bb4.2.2&Prime; background_color=\u00a0\u00bb#3c0432&Prime; custom_padding=\u00a0\u00bb40px||||false|false\u00a0\u00bb][et_pb_row _builder_version=\u00a0\u00bb4.2.2&Prime; background_color=\u00a0\u00bb#4c0f43&Prime; module_alignment=\u00a0\u00bbcenter\u00a0\u00bb border_radii=\u00a0\u00bboff|20px|20px||\u00a0\u00bb][et_pb_column type=\u00a0\u00bb4_4&Prime; _builder_version=\u00a0\u00bb3.25&Prime; custom_padding__hover=\u00a0\u00bb|||\u00a0\u00bb][et_pb_text _builder_version=\u00a0\u00bb4.2.2&Prime; text_font=\u00a0\u00bb|600|||||||\u00a0\u00bb text_text_color=\u00a0\u00bbrgba(255,255,255,0.68)\u00a0\u00bb ul_font=\u00a0\u00bb||||||||\u00a0\u00bb ol_font=\u00a0\u00bb||||||||\u00a0\u00bb header_font=\u00a0\u00bb|700||on|||||\u00a0\u00bb header_text_color=\u00a0\u00bb#FFFFFF\u00a0\u00bb header_2_font=\u00a0\u00bbAdamina|700|||||||\u00a0\u00bb text_orientation=\u00a0\u00bbcenter\u00a0\u00bb custom_margin=\u00a0\u00bb0px||-22px\u00a0\u00bb custom_padding=\u00a0\u00bb5px||2px|0px\u00a0\u00bb hover_enabled=\u00a0\u00bb0&Prime; border_color_all=\u00a0\u00bb#b5b5b5&Prime; border_style_all=\u00a0\u00bbnone\u00a0\u00bb border_width_right=\u00a0\u00bb0px\u00a0\u00bb border_width_left=\u00a0\u00bb0px\u00a0\u00bb border_color_left=\u00a0\u00bb#FFFFFF\u00a0\u00bb header_font_size_last_edited=\u00a0\u00bbon|phone\u00a0\u00bb header_font_size_phone=\u00a0\u00bb20px\u00a0\u00bb]<\/p>\n<h1><em><span style=\"color: #0ea7f4;\">Trouve une<\/span> <span style=\"color: #fff;\">Femme Mature\u00a0<\/span> <span style=\"color: #0ea7f4;\">proche de chez toi !<\/span><em><\/em><\/em><\/h1>\n<p>&nbsp;<\/p>\n<p>[\/et_pb_text][\/et_pb_column][\/et_pb_row][et_pb_row _builder_version=\u00a0\u00bb4.2.2&Prime; background_color=\u00a0\u00bb#4c0f43&Prime; module_alignment=\u00a0\u00bbcenter\u00a0\u00bb custom_padding=\u00a0\u00bb|20px||20px|false|false\u00a0\u00bb][et_pb_column type=\u00a0\u00bb4_4&Prime; _builder_version=\u00a0\u00bb4.0.6&Prime;][et_pb_blurb image=\u00a0\u00bbhttps:\/\/www.tube-porno-mature.com\/femme\/wp-content\/uploads\/2020\/01\/maps-and-flags-300&#215;300-1.png\u00a0\u00bb icon_placement=\u00a0\u00bbleft\u00a0\u00bb content_max_width=\u00a0\u00bb370px\u00a0\u00bb _builder_version=\u00a0\u00bb4.2.2&Prime; header_level=\u00a0\u00bbh3&Prime; header_font=\u00a0\u00bb|700||on|||||\u00a0\u00bb header_text_align=\u00a0\u00bbcenter\u00a0\u00bb header_text_color=\u00a0\u00bb#FFFFFF\u00a0\u00bb header_font_size=\u00a0\u00bb20px\u00a0\u00bb header_line_height=\u00a0\u00bb1.5em\u00a0\u00bb text_orientation=\u00a0\u00bbcenter\u00a0\u00bb custom_margin=\u00a0\u00bb-24px||0px||false|false\u00a0\u00bb custom_padding=\u00a0\u00bb||25px|10px|false|false\u00a0\u00bb link_option_url=\u00a0\u00bbhttps:\/\/www.libertines.me\/rencontre\/plan-cul-avec-femme-black\/\u00a0\u00bb hover_enabled=\u00a0\u00bb0&Prime; body_font_size=\u00a0\u00bb12px\u00a0\u00bb]<\/p>\n<p><span style=\"color: #ffff00;\"><strong>Elles habitent \u00e0 moins de 5km de chez toi<\/strong><\/span><\/p>\n<p>[\/et_pb_blurb][et_pb_blog fullwidth=\u00a0\u00bboff\u00a0\u00bb posts_number=\u00a0\u00bb9&Prime; show_more=\u00a0\u00bbon\u00a0\u00bb show_author=\u00a0\u00bboff\u00a0\u00bb show_date=\u00a0\u00bboff\u00a0\u00bb show_categories=\u00a0\u00bboff\u00a0\u00bb use_overlay=\u00a0\u00bbon\u00a0\u00bb overlay_icon_color=\u00a0\u00bb#ffffff\u00a0\u00bb hover_overlay_color=\u00a0\u00bbrgba(21,21,21,0.52)\u00a0\u00bb hover_icon=\u00a0\u00bb%%222%%\u00a0\u00bb masonry_tile_background_color=\u00a0\u00bb#151515&Prime; module_class=\u00a0\u00bbgrid-module ds-limit-excerpt\u00a0\u00bb _builder_version=\u00a0\u00bb4.2.2&Prime; header_text_color=\u00a0\u00bb#ffffff\u00a0\u00bb header_font_size=\u00a0\u00bb19px\u00a0\u00bb custom_margin=\u00a0\u00bb-2px||||false|false\u00a0\u00bb custom_padding=\u00a0\u00bb0px||||false|false\u00a0\u00bb link_option_url_new_window=\u00a0\u00bbon\u00a0\u00bb border_radii=\u00a0\u00bbon|11px|11px|11px|11px\u00a0\u00bb border_width_all=\u00a0\u00bb3px\u00a0\u00bb border_color_all=\u00a0\u00bb#e810c7&Prime; box_shadow_style=\u00a0\u00bbpreset2&Prime;][\/et_pb_blog][\/et_pb_column][\/et_pb_row][et_pb_row _builder_version=\u00a0\u00bb4.2.2&Prime; background_color=\u00a0\u00bb#4c0f43&Prime; module_alignment=\u00a0\u00bbcenter\u00a0\u00bb][et_pb_column type=\u00a0\u00bb4_4&Prime; _builder_version=\u00a0\u00bb4.0.6&Prime;][et_pb_button button_url=\u00a0\u00bb#2259&Prime; url_new_window=\u00a0\u00bbon\u00a0\u00bb button_text=\u00a0\u00bbESPACE MEMBRE\u00a0\u00bb button_alignment=\u00a0\u00bbcenter\u00a0\u00bb disabled_on=\u00a0\u00bboff|off|off\u00a0\u00bb module_class=\u00a0\u00bbsg-popup-id-70&Prime; _builder_version=\u00a0\u00bb4.2.2&Prime; custom_button=\u00a0\u00bbon\u00a0\u00bb button_text_color=\u00a0\u00bb#ffffff\u00a0\u00bb button_bg_color=\u00a0\u00bb#e810c7&Prime; button_border_color=\u00a0\u00bbrgba(0,0,0,0)\u00a0\u00bb button_border_radius=\u00a0\u00bb20px\u00a0\u00bb button_font=\u00a0\u00bb|700||on|||||\u00a0\u00bb button_icon=\u00a0\u00bb%%95%%\u00a0\u00bb button_icon_color=\u00a0\u00bb#edf000&Prime; button_rel=\u00a0\u00bboff|off|on|off|off\u00a0\u00bb hover_enabled=\u00a0\u00bb0&Prime; button_text_shadow_style=\u00a0\u00bbpreset2&Prime;][\/et_pb_button][\/et_pb_column][\/et_pb_row][et_pb_row disabled_on=\u00a0\u00bbon|on|on\u00a0\u00bb _builder_version=\u00a0\u00bb4.2.2&Prime; background_color=\u00a0\u00bb#4c0f43&Prime; module_alignment=\u00a0\u00bbcenter\u00a0\u00bb disabled=\u00a0\u00bbon\u00a0\u00bb][et_pb_column type=\u00a0\u00bb4_4&Prime; _builder_version=\u00a0\u00bb3.25&Prime; custom_padding__hover=\u00a0\u00bb|||\u00a0\u00bb][et_pb_button button_url=\u00a0\u00bb#2259&Prime; url_new_window=\u00a0\u00bbon\u00a0\u00bb button_text=\u00a0\u00bbposte aussi ton annonce\u00a0\u00bb button_alignment=\u00a0\u00bbcenter\u00a0\u00bb disabled_on=\u00a0\u00bbon|on|off\u00a0\u00bb module_class=\u00a0\u00bbpopmake-2960&Prime; _builder_version=\u00a0\u00bb4.0.6&Prime; custom_button=\u00a0\u00bbon\u00a0\u00bb button_text_color=\u00a0\u00bb#ffffff\u00a0\u00bb button_bg_color=\u00a0\u00bb#e810c7&Prime; button_border_color=\u00a0\u00bbrgba(0,0,0,0)\u00a0\u00bb button_border_radius=\u00a0\u00bb20px\u00a0\u00bb button_font=\u00a0\u00bb|700||on|||||\u00a0\u00bb button_icon=\u00a0\u00bb%%95%%\u00a0\u00bb button_icon_color=\u00a0\u00bb#edf000&Prime; button_rel=\u00a0\u00bboff|off|on|off|off\u00a0\u00bb button_text_shadow_style=\u00a0\u00bbpreset2&Prime; saved_tabs=\u00a0\u00bball\u00a0\u00bb button_border_color__hover_enabled=\u00a0\u00bbon\u00a0\u00bb button_border_color__hover=\u00a0\u00bb#a66ae2&Prime; button_letter_spacing__hover_enabled=\u00a0\u00bbon\u00a0\u00bb button_letter_spacing__hover=\u00a0\u00bb1px\u00a0\u00bb button_bg_color__hover_enabled=\u00a0\u00bbon\u00a0\u00bb button_bg_color__hover=\u00a0\u00bb#a66ae2&Prime;][\/et_pb_button][\/et_pb_column][\/et_pb_row][et_pb_row _builder_version=\u00a0\u00bb4.2.2&Prime; background_color=\u00a0\u00bb#4c0f43&Prime; use_background_color_gradient=\u00a0\u00bbon\u00a0\u00bb background_color_gradient_start=\u00a0\u00bb#0e2b58&Prime; background_color_gradient_end=\u00a0\u00bb#4c0f43&Prime; background_color_gradient_type=\u00a0\u00bbradial\u00a0\u00bb module_alignment=\u00a0\u00bbcenter\u00a0\u00bb custom_padding=\u00a0\u00bb|10px||30px|false|false\u00a0\u00bb border_radii=\u00a0\u00bboff|||20px|20px\u00a0\u00bb][et_pb_column type=\u00a0\u00bb4_4&Prime; _builder_version=\u00a0\u00bb3.25&Prime; custom_padding__hover=\u00a0\u00bb|||\u00a0\u00bb][et_pb_text _builder_version=\u00a0\u00bb4.2.2&Prime; text_font=\u00a0\u00bb||||||||\u00a0\u00bb text_text_color=\u00a0\u00bbrgba(255,255,255,0.72)\u00a0\u00bb ol_font=\u00a0\u00bb||||||||\u00a0\u00bb]<\/p>\n<blockquote>\n<p><span>Voici une page du site d\u00e9di\u00e9 aux petites annonces coquines pour faire de belles rencontres. Vous pouvez rencontrer une femme mature sexy timide ou d\u00e9vergond\u00e9e pour du sexe sans lendemain gr\u00e2ce \u00e0 notre site de rencontre gratuit. Faite une rencontre sexe avec de la mature salope. Il n\u2019y a pas de mal \u00e0 faire une rencontre coquine proche de chez vous.<\/span><\/p>\n<\/blockquote>\n<p>[\/et_pb_text][\/et_pb_column][\/et_pb_row][\/et_pb_section]<\/p>\n","protected":false},"excerpt":{"rendered":"<p>Trouve une Femme Mature\u00a0 proche de chez toi ! &nbsp; Elles habitent \u00e0 moins de 5km de chez toi Voici une page du site d\u00e9di\u00e9 aux petites annonces coquines pour faire de belles rencontres. Vous pouvez rencontrer une femme mature sexy timide ou d\u00e9vergond\u00e9e pour du sexe sans lendemain gr\u00e2ce \u00e0 notre site de rencontre [&hellip;]<\/p>\n","protected":false},"author":1,"featured_media":0,"parent":0,"menu_order":0,"comment_status":"closed","ping_status":"closed","template":"","meta":{"_acf_changed":false,"_et_pb_use_builder":"on","_et_pb_old_content":"","_et_gb_content_width":"","footnotes":""},"acf":[],"yoast_head":"<!-- This site is optimized with the Yoast SEO plugin v23.5 - https:\/\/yoast.com\/wordpress\/plugins\/seo\/ -->\n<title>Trouve une Femme Mature proche de chez toi pour un plan sexe !<\/title>\n<meta name=\"description\" content=\"Trouve une Femme Mature proche de chez toi pour un plan sexe. Femme black, Beurette salope, Femme asiatique... Ces femmes m\u00fbres veulent une rencontre sexe.\" \/>\n<meta name=\"robots\" content=\"index, follow, max-snippet:-1, max-image-preview:large, max-video-preview:-1\" \/>\n<link rel=\"canonical\" href=\"https:\/\/www.tube-porno-mature.com\/femme\/\" \/>\n<meta property=\"og:locale\" content=\"fr_FR\" \/>\n<meta property=\"og:type\" content=\"article\" \/>\n<meta property=\"og:title\" content=\"Trouve une Femme Mature proche de chez toi pour un plan sexe !\" \/>\n<meta property=\"og:description\" content=\"Trouve une Femme Mature proche de chez toi pour un plan sexe. Femme black, Beurette salope, Femme asiatique... Ces femmes m\u00fbres veulent une rencontre sexe.\" \/>\n<meta property=\"og:url\" content=\"https:\/\/www.tube-porno-mature.com\/femme\/\" \/>\n<meta property=\"article:modified_time\" content=\"2020-01-24T17:30:07+00:00\" \/>\n<meta name=\"twitter:card\" content=\"summary_large_image\" \/>\n<meta name=\"twitter:label1\" content=\"Dur\u00e9e de lecture estim\u00e9e\" \/>\n\t<meta name=\"twitter:data1\" content=\"4 minutes\" \/>\n<script type=\"application\/ld+json\" class=\"yoast-schema-graph\">{\"@context\":\"https:\/\/schema.org\",\"@graph\":[{\"@type\":\"WebPage\",\"@id\":\"https:\/\/www.tube-porno-mature.com\/femme\/\",\"url\":\"https:\/\/www.tube-porno-mature.com\/femme\/\",\"name\":\"Trouve une Femme Mature proche de chez toi pour un plan sexe !\",\"isPartOf\":{\"@id\":\"https:\/\/www.tube-porno-mature.com\/femme\/#website\"},\"datePublished\":\"2020-01-24T16:17:01+00:00\",\"dateModified\":\"2020-01-24T17:30:07+00:00\",\"description\":\"Trouve une Femme Mature proche de chez toi pour un plan sexe. Femme black, Beurette salope, Femme asiatique... Ces femmes m\u00fbres veulent une rencontre sexe.\",\"breadcrumb\":{\"@id\":\"https:\/\/www.tube-porno-mature.com\/femme\/#breadcrumb\"},\"inLanguage\":\"fr-FR\",\"potentialAction\":[{\"@type\":\"ReadAction\",\"target\":[\"https:\/\/www.tube-porno-mature.com\/femme\/\"]}]},{\"@type\":\"BreadcrumbList\",\"@id\":\"https:\/\/www.tube-porno-mature.com\/femme\/#breadcrumb\",\"itemListElement\":[{\"@type\":\"ListItem\",\"position\":1,\"name\":\"Accueil\",\"item\":\"https:\/\/www.tube-porno-mature.com\/femme\/\"},{\"@type\":\"ListItem\",\"position\":2,\"name\":\"Accueil\"}]},{\"@type\":\"WebSite\",\"@id\":\"https:\/\/www.tube-porno-mature.com\/femme\/#website\",\"url\":\"https:\/\/www.tube-porno-mature.com\/femme\/\",\"name\":\"\",\"description\":\"\",\"potentialAction\":[{\"@type\":\"SearchAction\",\"target\":{\"@type\":\"EntryPoint\",\"urlTemplate\":\"https:\/\/www.tube-porno-mature.com\/femme\/?s={search_term_string}\"},\"query-input\":{\"@type\":\"PropertyValueSpecification\",\"valueRequired\":true,\"valueName\":\"search_term_string\"}}],\"inLanguage\":\"fr-FR\"}]}<\/script>\n<!-- \/ Yoast SEO plugin. -->","yoast_head_json":{"title":"Trouve une Femme Mature proche de chez toi pour un plan sexe !","description":"Trouve une Femme Mature proche de chez toi pour un plan sexe. Femme black, Beurette salope, Femme asiatique... Ces femmes m\u00fbres veulent une rencontre sexe.","robots":{"index":"index","follow":"follow","max-snippet":"max-snippet:-1","max-image-preview":"max-image-preview:large","max-video-preview":"max-video-preview:-1"},"canonical":"https:\/\/www.tube-porno-mature.com\/femme\/","og_locale":"fr_FR","og_type":"article","og_title":"Trouve une Femme Mature proche de chez toi pour un plan sexe !","og_description":"Trouve une Femme Mature proche de chez toi pour un plan sexe. Femme black, Beurette salope, Femme asiatique... Ces femmes m\u00fbres veulent une rencontre sexe.","og_url":"https:\/\/www.tube-porno-mature.com\/femme\/","article_modified_time":"2020-01-24T17:30:07+00:00","twitter_card":"summary_large_image","twitter_misc":{"Dur\u00e9e de lecture estim\u00e9e":"4 minutes"},"schema":{"@context":"https:\/\/schema.org","@graph":[{"@type":"WebPage","@id":"https:\/\/www.tube-porno-mature.com\/femme\/","url":"https:\/\/www.tube-porno-mature.com\/femme\/","name":"Trouve une Femme Mature proche de chez toi pour un plan sexe !","isPartOf":{"@id":"https:\/\/www.tube-porno-mature.com\/femme\/#website"},"datePublished":"2020-01-24T16:17:01+00:00","dateModified":"2020-01-24T17:30:07+00:00","description":"Trouve une Femme Mature proche de chez toi pour un plan sexe. Femme black, Beurette salope, Femme asiatique... Ces femmes m\u00fbres veulent une rencontre sexe.","breadcrumb":{"@id":"https:\/\/www.tube-porno-mature.com\/femme\/#breadcrumb"},"inLanguage":"fr-FR","potentialAction":[{"@type":"ReadAction","target":["https:\/\/www.tube-porno-mature.com\/femme\/"]}]},{"@type":"BreadcrumbList","@id":"https:\/\/www.tube-porno-mature.com\/femme\/#breadcrumb","itemListElement":[{"@type":"ListItem","position":1,"name":"Accueil","item":"https:\/\/www.tube-porno-mature.com\/femme\/"},{"@type":"ListItem","position":2,"name":"Accueil"}]},{"@type":"WebSite","@id":"https:\/\/www.tube-porno-mature.com\/femme\/#website","url":"https:\/\/www.tube-porno-mature.com\/femme\/","name":"","description":"","potentialAction":[{"@type":"SearchAction","target":{"@type":"EntryPoint","urlTemplate":"https:\/\/www.tube-porno-mature.com\/femme\/?s={search_term_string}"},"query-input":{"@type":"PropertyValueSpecification","valueRequired":true,"valueName":"search_term_string"}}],"inLanguage":"fr-FR"}]}},"_links":{"self":[{"href":"https:\/\/www.tube-porno-mature.com\/femme\/wp-json\/wp\/v2\/pages\/15"}],"collection":[{"href":"https:\/\/www.tube-porno-mature.com\/femme\/wp-json\/wp\/v2\/pages"}],"about":[{"href":"https:\/\/www.tube-porno-mature.com\/femme\/wp-json\/wp\/v2\/types\/page"}],"author":[{"embeddable":true,"href":"https:\/\/www.tube-porno-mature.com\/femme\/wp-json\/wp\/v2\/users\/1"}],"replies":[{"embeddable":true,"href":"https:\/\/www.tube-porno-mature.com\/femme\/wp-json\/wp\/v2\/comments?post=15"}],"version-history":[{"count":11,"href":"https:\/\/www.tube-porno-mature.com\/femme\/wp-json\/wp\/v2\/pages\/15\/revisions"}],"predecessor-version":[{"id":96,"href":"https:\/\/www.tube-porno-mature.com\/femme\/wp-json\/wp\/v2\/pages\/15\/revisions\/96"}],"wp:attachment":[{"href":"https:\/\/www.tube-porno-mature.com\/femme\/wp-json\/wp\/v2\/media?parent=15"}],"curies":[{"name":"wp","href":"https:\/\/api.w.org\/{rel}","templated":true}]}}